{"id":1319,"date":"2024-09-10T15:09:05","date_gmt":"2024-09-10T13:09:05","guid":{"rendered":"https:\/\/tedbike-capbreton.com\/?page_id=1319"},"modified":"2025-12-11T12:15:42","modified_gmt":"2025-12-11T11:15:42","slug":"repair-3","status":"publish","type":"page","link":"https:\/\/tedbike-capbreton.com\/en\/services\/repair-3\/","title":{"rendered":"Sale of bicycles"},"content":{"rendered":"<section class=\"section\" id=\"section_2123266988\">\n\t\t<div class=\"section-bg fill\" >\n\t\t\t<img loading=\"lazy\" decoding=\"async\" width=\"1200\" height=\"800\" src=\"https:\/\/tedbike-capbreton.com\/wp-content\/uploads\/2024\/06\/location-velo-et-surf-a-capbreton.jpg\" class=\"bg attachment-original size-original\" alt=\"Bike And Surf Rental in Capbreton\" \/>\t\t\t\t\t\t<div class=\"section-bg-overlay absolute fill\"><\/div>\n\t\t\t\n\n\t\t<\/div>\n\n\t\t\n\t<div class=\"ux-shape-divider ux-shape-divider--bottom ux-shape-divider--style-waves-opacity-2\">\n\t\t<svg viewbox=\"0 0 1000 300\" xmlns=\"http:\/\/www.w3.org\/2000\/svg\" preserveaspectratio=\"none\">\n  <path class=\"ux-shape-fill\" opacity=\"0.15\" d=\"M0 299L-2 19.9998C153 -16.0002 308 155 413 184C515.64 212.35 562 152 645 153C725 154 787 206 874 233C939.54 253.34 975 248 1000 244.61V299H0Z\"\/>\n  <path class=\"ux-shape-fill\" opacity=\"0.3\" d=\"M0 300L-2 34C155 -9.00003 300 178 403 212C504.11 245.38 562 165 645 166C725 167 790.09 220.07 874 253C939.21 278.59 978.07 269.72 1000 263.61V300H0Z\"\/>\n  <path class=\"ux-shape-fill\" d=\"M0 300L-1 69.7099C216 56.9999 299.47 198.86 403 226C506 253 577 196 660 197C740 198 790.09 234.07 874 267C935.23 291 982 282.61 1000 277.61V300H0Z\"\/>\n<\/svg>\n\t<\/div>\n\n\t\t<div class=\"section-content relative\">\n\t\t\t\n<div class=\"row row-collapse align-bottom align-center\"  id=\"row-326533423\">\n\n\t<div id=\"col-835449815\" class=\"col medium-8 small-11 large-8\"  data-animate=\"fadeInUp\">\n\t\t\t\t<div class=\"col-inner text-center dark\"  >\n\t\t\t\n\t\t\t\n\t<div id=\"text-1301356497\" class=\"text\">\n\t\t\n<h1><strong>Used bikes, end of season<\/strong><\/h1>\n\t\t\n<style>\n#text-1301356497 {\n  text-align: center;\n}\n<\/style>\n\t<\/div>\n\t\n\t\t<\/div>\n\t\t\t\t\n<style>\n#col-835449815 > .col-inner {\n  padding: 200px 15px 20px 15px;\n}\n@media (min-width:550px) {\n  #col-835449815 > .col-inner {\n    padding: 25% 0px 10% 0px;\n  }\n}\n<\/style>\n\t<\/div>\n\n\t\n<\/div>\n\t\t<\/div>\n\n\t\t\n<style>\n#section_2123266988 {\n  padding-top: 30px;\n  padding-bottom: 30px;\n  min-height: 500px;\n}\n#section_2123266988 .section-bg-overlay {\n  background-color: rgba(0, 0, 0, 0.186);\n}\n#section_2123266988 .section-bg img {\n  object-position: 42% 79%;\n}\n#section_2123266988 .ux-shape-divider--bottom svg {\n  height: 90px;\n  --divider-width: 100%;\n}\n@media (min-width:550px) {\n  #section_2123266988 {\n    min-height: 75vh;\n  }\n  #section_2123266988 .ux-shape-divider--bottom svg {\n    height: 150px;\n  }\n}\n<\/style>\n\t<\/section>\n\t\n<div class=\"row row-large align-middle align-center\"  id=\"row-1135713913\">\n\n\t<div id=\"col-1532452019\" class=\"col medium-10 small-12 large-10\"  >\n\t\t\t\t<div class=\"col-inner text-center\"  >\n\t\t\t\n\t\t\t\n<h2>Give your passion a second life!<\/h2>\n\t<div id=\"text-2432305737\" class=\"text\">\n\t\t\n<p><strong>Buy a quality used electric bike, serviced and guaranteed, at a reduced price.<\/strong><br \/>\n\t\t\n<style>\n#text-2432305737 {\n  font-size: 1.5rem;\n}\n<\/style>\n\t<\/div>\n\t\n\t<div id=\"text-3622289108\" class=\"text\">\n\t\t\n<p>Do you dream of exploring the cycle paths of the Landes region, from Capbreton to Hossegor via Seignosse, on a high-performance second-hand electric bike that's perfect for all types of terrain? At Ted Bike, we've become your new reference for buying the electric bike of your dreams at fair, transparent prices.<\/p>\n<p>We offer a wide range of Gorille bikes, all serviced, guaranteed, meticulously checked and reconditioned by our experts before sale. Our team is made up of passionate and experienced people who will guide you in making the best choice.<\/p>\n<p>Customer satisfaction is our priority, so we provide a high-quality after-sales service with personalised support and a maintenance and servicing service to extend the life of your bike (all ranges: efatbike, fatbike, electric bike, etc.).<br \/>\n\t\t\n<style>\n#text-3622289108 {\n  font-size: 1.15rem;\n  line-height: 1.35;\n}\n<\/style>\n\t<\/div>\n\t\n\t\t<\/div>\n\t\t\t\t\n<style>\n#col-1532452019 > .col-inner {\n  padding: 0px 10px 0px 10px;\n}\n@media (min-width:550px) {\n  #col-1532452019 > .col-inner {\n    padding: 30px 0px 0px 0px;\n  }\n}\n<\/style>\n\t<\/div>\n\n\t\n<\/div>\n<div class=\"row align-center\"  id=\"row-2126864032\">\n\n\t<div id=\"col-1426106531\" class=\"col hover-animation medium-4 small-12 large-4\"  data-animate=\"fadeInUp\">\n\t\t\t\t<div class=\"col-inner text-center\" style=\"background-color:#f6e3d7;\" >\n\t\t\t\n\t\t\t\n\t<div class=\"img has-hover radius-30 x md-x lg-x y md-y lg-y\" id=\"image_404312134\">\n\t\t\t\t\t\t\t\t<div class=\"img-inner image-cover dark\" style=\"padding-top:70%;margin:0px 0px -35px 0px;\">\n\t\t\t<img loading=\"lazy\" decoding=\"async\" width=\"400\" height=\"290\" src=\"https:\/\/tedbike-capbreton.com\/wp-content\/uploads\/2025\/08\/KONG-400x290.png\" class=\"attachment-medium size-medium\" alt=\"Kong\" srcset=\"https:\/\/tedbike-capbreton.com\/wp-content\/uploads\/2025\/08\/KONG-400x290.png 400w, https:\/\/tedbike-capbreton.com\/wp-content\/uploads\/2025\/08\/KONG-18x12.png 18w, https:\/\/tedbike-capbreton.com\/wp-content\/uploads\/2025\/08\/KONG.png 1021w\" sizes=\"auto, (max-width: 400px) 100vw, 400px\" \/>\t\t\t\t\t\t\n\t\t\t\t\t<\/div>\n\t\t\t\t\t\t\t\t\n<style>\n#image_404312134 {\n  width: 100%;\n}\n<\/style>\n\t<\/div>\n\t\n<a href=\"https:\/\/tedbike-capbreton.com\/en\/services\/repair-3\/baby-gorilla-2022-khaki-bsk1905383\/\" class=\"button primary ted-blue\" style=\"border-radius:30px;\">\n\t\t<span>FAT BIKE KONG<\/span>\n\t<\/a>\n\n\t<div id=\"text-3289880112\" class=\"text\">\n\t\t\n<h4>Price: from 2900 euros<\/h4>\n\t\t\n<style>\n#text-3289880112 {\n  color: rgb(0,0,0);\n}\n#text-3289880112 > * {\n  color: rgb(0,0,0);\n}\n<\/style>\n\t<\/div>\n\t\n\t\t<\/div>\n\t\t\t\t\n<style>\n#col-1426106531 > .col-inner {\n  padding: 10px 10px 20px 10px;\n  border-radius: 30px;\n}\n<\/style>\n\t<\/div>\n\n\t\n\n\t<div id=\"col-1842348768\" class=\"col hover-animation medium-4 small-12 large-4\"  data-animate=\"fadeInUp\">\n\t\t\t\t<div class=\"col-inner text-center\" style=\"background-color:#f6e3d7;\" >\n\t\t\t\n\t\t\t\n\t<div class=\"img has-hover radius-30 x md-x lg-x y md-y lg-y\" id=\"image_1802718324\">\n\t\t\t\t\t\t\t\t<div class=\"img-inner image-cover dark\" style=\"padding-top:70%;margin:0px 0px -35px 0px;\">\n\t\t\t<img loading=\"lazy\" decoding=\"async\" width=\"400\" height=\"267\" src=\"https:\/\/tedbike-capbreton.com\/wp-content\/uploads\/2024\/06\/location-velo-cargo-electrique-Ted-Bike-Capbreton-400x267.jpg\" class=\"attachment-medium size-medium\" alt=\"Electric Cargo Bike Rental Ted Bike Capbreton\" srcset=\"https:\/\/tedbike-capbreton.com\/wp-content\/uploads\/2024\/06\/location-velo-cargo-electrique-Ted-Bike-Capbreton-400x267.jpg 400w, https:\/\/tedbike-capbreton.com\/wp-content\/uploads\/2024\/06\/location-velo-cargo-electrique-Ted-Bike-Capbreton-18x12.jpg 18w, https:\/\/tedbike-capbreton.com\/wp-content\/uploads\/2024\/06\/location-velo-cargo-electrique-Ted-Bike-Capbreton.jpg 1200w\" sizes=\"auto, (max-width: 400px) 100vw, 400px\" \/>\t\t\t\t\t\t\n\t\t\t\t\t<\/div>\n\t\t\t\t\t\t\t\t\n<style>\n#image_1802718324 {\n  width: 100%;\n}\n<\/style>\n\t<\/div>\n\t\n<a href=\"https:\/\/tedbike-capbreton.com\/en\/services\/repair-3\/cargorille-2023-black-mm4423070067\/\" class=\"button primary ted-blue\" style=\"border-radius:30px;\">\n\t\t<span>CARGORILLE<\/span>\n\t<\/a>\n\n\t<div id=\"text-855803731\" class=\"text\">\n\t\t\n<h4>Price: from \u20ac3,100<\/h4>\n\t\t\n<style>\n#text-855803731 {\n  color: rgb(0,0,0);\n}\n#text-855803731 > * {\n  color: rgb(0,0,0);\n}\n<\/style>\n\t<\/div>\n\t\n\t\t<\/div>\n\t\t\t\t\n<style>\n#col-1842348768 > .col-inner {\n  padding: 10px 10px 20px 10px;\n  border-radius: 30px;\n}\n<\/style>\n\t<\/div>\n\n\t\n\n\t<div id=\"col-844741110\" class=\"col hover-animation medium-4 small-12 large-4\"  data-animate=\"fadeInUp\">\n\t\t\t\t<div class=\"col-inner text-center\" style=\"background-color:#f6e3d7;\" >\n\t\t\t\n\t\t\t\n\t<div class=\"img has-hover radius-30 x md-x lg-x y md-y lg-y\" id=\"image_1934490505\">\n\t\t\t\t\t\t\t\t<div class=\"img-inner image-cover dark\" style=\"padding-top:70%;margin:0px 0px -35px 0px;\">\n\t\t\t<img loading=\"lazy\" decoding=\"async\" width=\"400\" height=\"267\" src=\"https:\/\/tedbike-capbreton.com\/wp-content\/uploads\/2024\/10\/velo-electrique-tout-terrain-ballade-en-foret-1-MAL-NOIR-2-400x267.jpg\" class=\"attachment-medium size-medium\" alt=\"Velo Electrique Tout Terrain Ballade En Foret 1 Mal Noir 2\" srcset=\"https:\/\/tedbike-capbreton.com\/wp-content\/uploads\/2024\/10\/velo-electrique-tout-terrain-ballade-en-foret-1-MAL-NOIR-2-400x267.jpg 400w, https:\/\/tedbike-capbreton.com\/wp-content\/uploads\/2024\/10\/velo-electrique-tout-terrain-ballade-en-foret-1-MAL-NOIR-2-18x12.jpg 18w, https:\/\/tedbike-capbreton.com\/wp-content\/uploads\/2024\/10\/velo-electrique-tout-terrain-ballade-en-foret-1-MAL-NOIR-2.jpg 960w\" sizes=\"auto, (max-width: 400px) 100vw, 400px\" \/>\t\t\t\t\t\t\n\t\t\t\t\t<\/div>\n\t\t\t\t\t\t\t\t\n<style>\n#image_1934490505 {\n  width: 100%;\n}\n<\/style>\n\t<\/div>\n\t\n<a href=\"https:\/\/tedbike-capbreton.com\/en\/services\/repair-3\/black-evil-bsk2008745\/\" class=\"button primary ted-blue\" style=\"border-radius:30px;\">\n\t\t<span>MALE GORILLE<\/span>\n\t<\/a>\n\n\t<div id=\"text-1971127794\" class=\"text\">\n\t\t\n<h4>From \u20ac2,200<\/h4>\n\t\t\n<style>\n#text-1971127794 {\n  color: rgb(0,0,0);\n}\n#text-1971127794 > * {\n  color: rgb(0,0,0);\n}\n<\/style>\n\t<\/div>\n\t\n\t\t<\/div>\n\t\t\t\t\n<style>\n#col-844741110 > .col-inner {\n  padding: 10px 10px 20px 10px;\n  border-radius: 30px;\n}\n<\/style>\n\t<\/div>\n\n\t\n\n\t<div id=\"col-1415105635\" class=\"col hover-animation medium-4 small-12 large-4\"  data-animate=\"fadeInUp\">\n\t\t\t\t<div class=\"col-inner text-center\" style=\"background-color:#f6e3d7;\" >\n\t\t\t\n\t\t\t\n\t<div class=\"img has-hover radius-30 x md-x lg-x y md-y lg-y\" id=\"image_1583480237\">\n\t\t\t\t\t\t\t\t<div class=\"img-inner image-cover dark\" style=\"padding-top:70%;margin:0px 0px -35px 0px;\">\n\t\t\t<img loading=\"lazy\" decoding=\"async\" width=\"400\" height=\"267\" src=\"https:\/\/tedbike-capbreton.com\/wp-content\/uploads\/2024\/10\/VELO-ELECTRIQUE-LADY-GORILLE-400x267.jpg\" class=\"attachment-medium size-medium\" alt=\"Lady Gorilla electric bike\" srcset=\"https:\/\/tedbike-capbreton.com\/wp-content\/uploads\/2024\/10\/VELO-ELECTRIQUE-LADY-GORILLE-400x267.jpg 400w, https:\/\/tedbike-capbreton.com\/wp-content\/uploads\/2024\/10\/VELO-ELECTRIQUE-LADY-GORILLE-18x12.jpg 18w, https:\/\/tedbike-capbreton.com\/wp-content\/uploads\/2024\/10\/VELO-ELECTRIQUE-LADY-GORILLE.jpg 960w\" sizes=\"auto, (max-width: 400px) 100vw, 400px\" \/>\t\t\t\t\t\t\n\t\t\t\t\t<\/div>\n\t\t\t\t\t\t\t\t\n<style>\n#image_1583480237 {\n  width: 100%;\n}\n<\/style>\n\t<\/div>\n\t\n<a href=\"https:\/\/tedbike-capbreton.com\/en\/services\/repair-3\/lady-gorilla-2024-bsk23l0114\/\" class=\"button primary ted-blue\" style=\"border-radius:30px;\">\n\t\t<span>LADY GORILLE<\/span>\n\t<\/a>\n\n\t<div id=\"text-2897414277\" class=\"text\">\n\t\t\n<h4>From \u20ac2,200<\/h4>\n\t\t\n<style>\n#text-2897414277 {\n  color: rgb(0,0,0);\n}\n#text-2897414277 > * {\n  color: rgb(0,0,0);\n}\n<\/style>\n\t<\/div>\n\t\n\t\t<\/div>\n\t\t\t\t\n<style>\n#col-1415105635 > .col-inner {\n  padding: 10px 10px 20px 10px;\n  border-radius: 30px;\n}\n<\/style>\n\t<\/div>\n\n\t\n<\/div>\n<div class=\"row align-center\"  id=\"row-901354003\">\n\n\t<div id=\"col-501896288\" class=\"col medium-8 small-12 large-8\"  >\n\t\t\t\t<div class=\"col-inner text-center\"  >\n\t\t\t\n\t\t\t\n<a href=\"https:\/\/tedbike-capbreton.com\/en\/contact\/\" target=\"_blank\" class=\"button primary\" rel=\"noopener\" style=\"border-radius:99px;\">\n\t\t<span>CONTACT US<\/span>\n\t<\/a>\n\n\t\t<\/div>\n\t\t\t\t\n<style>\n#col-501896288 > .col-inner {\n  margin: 50px 0px 20px 0px;\n}\n@media (min-width:550px) {\n  #col-501896288 > .col-inner {\n    margin: 80px 0px 50px 0px;\n  }\n}\n<\/style>\n\t<\/div>\n\n\t\n\n\t<div id=\"col-1262706015\" class=\"col medium-10 small-12 large-10\"  >\n\t\t\t\t<div class=\"col-inner\"  >\n\t\t\t\n\t\t\t\n<p style=\"text-align: center;\"><strong>Cycling in the Landes: a beautiful escape<\/strong><\/p>\n<p style=\"text-align: center;\">Get on your horse and let yourself be enchanted by the magic of the Landes! Our vast pine forests, veritable natural cathedrals, invite you to take a peaceful stroll, to the rhythm of the birdsong. The long sandy beaches stretch as far as the eye can see, offering an exceptional panorama of the ocean.<\/p>\n<p style=\"text-align: center;\">For a tailor-made experience, we offer routes to suit all levels, whether you're an experienced cyclist or just an amateur. Discover the charms of the hinterland, cycle along the well-developed cycle paths or venture out onto the forest tracks. Our experienced guides will help you discover the hidden treasures of this unique region.<\/p>\n<p style=\"text-align: center;\">The Landes is the promise of an unforgettable holiday, where nature and well-being combine to perfection. So don't wait any longer and come and enjoy a unique cycling experience in the Landes!<\/p>\n\t\t<\/div>\n\t\t\t\t\n<style>\n#col-1262706015 > .col-inner {\n  margin: 0px 0px 30px 0px;\n}\n@media (min-width:550px) {\n  #col-1262706015 > .col-inner {\n    margin: 0px 0px 50px 0px;\n  }\n}\n<\/style>\n\t<\/div>\n\n\t\n<\/div>","protected":false},"excerpt":{"rendered":"","protected":false},"author":1,"featured_media":0,"parent":99,"menu_order":0,"comment_status":"closed","ping_status":"closed","template":"page-transparent-header-light.php","meta":{"footnotes":""},"class_list":["post-1319","page","type-page","status-publish","hentry"],"yoast_head":"<!-- This site is optimized with the Yoast SEO plugin v27.4 - https:\/\/yoast.com\/product\/yoast-seo-wordpress\/ -->\n<title>Vente de v\u00e9lo d&#039;occasion \u00e0 Capbreton - Tout type de v\u00e9lo | Ted Bike<\/title>\n<meta name=\"description\" content=\"Achetez un v\u00e9lo \u00e9lectrique d\u2019occasion de qualit\u00e9, r\u00e9vis\u00e9 et garanti, \u00e0 prix r\u00e9duit \u00e0 Capbreton dans les Landes : entretien, tout type de r\u00e9paration, toute marque\" \/>\n<meta name=\"robots\" content=\"index, follow, max-snippet:-1, max-image-preview:large, max-video-preview:-1\" \/>\n<link rel=\"canonical\" href=\"https:\/\/tedbike-capbreton.com\/en\/services\/repair-3\/\" \/>\n<meta property=\"og:locale\" content=\"en_GB\" \/>\n<meta property=\"og:type\" content=\"article\" \/>\n<meta property=\"og:title\" content=\"Vente de v\u00e9lo d&#039;occasion \u00e0 Capbreton - Tout type de v\u00e9lo | Ted Bike\" \/>\n<meta property=\"og:description\" content=\"Achetez un v\u00e9lo \u00e9lectrique d\u2019occasion de qualit\u00e9, r\u00e9vis\u00e9 et garanti, \u00e0 prix r\u00e9duit \u00e0 Capbreton dans les Landes : entretien, tout type de r\u00e9paration, toute marque\" \/>\n<meta property=\"og:url\" content=\"https:\/\/tedbike-capbreton.com\/en\/services\/repair-3\/\" \/>\n<meta property=\"og:site_name\" content=\"Ted Bike\" \/>\n<meta property=\"article:publisher\" content=\"https:\/\/fr-fr.facebook.com\/tedsurfschool\" \/>\n<meta property=\"article:modified_time\" content=\"2025-12-11T11:15:42+00:00\" \/>\n<meta property=\"og:image\" content=\"https:\/\/tedbike-capbreton.com\/wp-content\/uploads\/2024\/05\/Logos-TEDSurf-2023-12.png\" \/>\n\t<meta property=\"og:image:width\" content=\"582\" \/>\n\t<meta property=\"og:image:height\" content=\"582\" \/>\n\t<meta property=\"og:image:type\" content=\"image\/png\" \/>\n<meta name=\"twitter:card\" content=\"summary_large_image\" \/>\n<meta name=\"twitter:label1\" content=\"Estimated reading time\" \/>\n\t<meta name=\"twitter:data1\" content=\"5 minutes\" \/>\n<!-- \/ Yoast SEO plugin. -->","yoast_head_json":{"title":"Used bikes for sale in Capbreton - All types of bikes | Ted Bike","description":"Buy a quality used electric bike, serviced and guaranteed, at a reduced price in Capbreton in the Landes: maintenance, all types of repairs, all makes","robots":{"index":"index","follow":"follow","max-snippet":"max-snippet:-1","max-image-preview":"max-image-preview:large","max-video-preview":"max-video-preview:-1"},"canonical":"https:\/\/tedbike-capbreton.com\/en\/services\/repair-3\/","og_locale":"en_GB","og_type":"article","og_title":"Vente de v\u00e9lo d'occasion \u00e0 Capbreton - Tout type de v\u00e9lo | Ted Bike","og_description":"Achetez un v\u00e9lo \u00e9lectrique d\u2019occasion de qualit\u00e9, r\u00e9vis\u00e9 et garanti, \u00e0 prix r\u00e9duit \u00e0 Capbreton dans les Landes : entretien, tout type de r\u00e9paration, toute marque","og_url":"https:\/\/tedbike-capbreton.com\/en\/services\/repair-3\/","og_site_name":"Ted Bike","article_publisher":"https:\/\/fr-fr.facebook.com\/tedsurfschool","article_modified_time":"2025-12-11T11:15:42+00:00","og_image":[{"width":582,"height":582,"url":"https:\/\/tedbike-capbreton.com\/wp-content\/uploads\/2024\/05\/Logos-TEDSurf-2023-12.png","type":"image\/png"}],"twitter_card":"summary_large_image","twitter_misc":{"Estimated reading time":"5 minutes"},"schema":{"@context":"https:\/\/schema.org","@graph":[{"@type":"WebPage","@id":"https:\/\/tedbike-capbreton.com\/services\/vente-de-velos-occasion\/","url":"https:\/\/tedbike-capbreton.com\/services\/vente-de-velos-occasion\/","name":"Used bikes for sale in Capbreton - All types of bikes | Ted Bike","isPartOf":{"@id":"https:\/\/tedbike-capbreton.com\/#website"},"datePublished":"2024-09-10T13:09:05+00:00","dateModified":"2025-12-11T11:15:42+00:00","description":"Buy a quality used electric bike, serviced and guaranteed, at a reduced price in Capbreton in the Landes: maintenance, all types of repairs, all makes","breadcrumb":{"@id":"https:\/\/tedbike-capbreton.com\/services\/vente-de-velos-occasion\/#breadcrumb"},"inLanguage":"en-GB","potentialAction":[{"@type":"ReadAction","target":["https:\/\/tedbike-capbreton.com\/services\/vente-de-velos-occasion\/"]}]},{"@type":"BreadcrumbList","@id":"https:\/\/tedbike-capbreton.com\/services\/vente-de-velos-occasion\/#breadcrumb","itemListElement":[{"@type":"ListItem","position":1,"name":"Accueil","item":"https:\/\/tedbike-capbreton.com\/"},{"@type":"ListItem","position":2,"name":"Services","item":"https:\/\/tedbikecreation.2gci.fr\/services\/"},{"@type":"ListItem","position":3,"name":"Vente de v\u00e9los"}]},{"@type":"WebSite","@id":"https:\/\/tedbike-capbreton.com\/#website","url":"https:\/\/tedbike-capbreton.com\/","name":"Ted's Bike - Bike hire in Capbreton","description":"Bike rental in Capbreton","publisher":{"@id":"https:\/\/tedbike-capbreton.com\/#organization"},"alternateName":"Ted's Bike Capbreton","potentialAction":[{"@type":"SearchAction","target":{"@type":"EntryPoint","urlTemplate":"https:\/\/tedbike-capbreton.com\/?s={search_term_string}"},"query-input":{"@type":"PropertyValueSpecification","valueRequired":true,"valueName":"search_term_string"}}],"inLanguage":"en-GB"},{"@type":"Organization","@id":"https:\/\/tedbike-capbreton.com\/#organization","name":"Ted's Bike - Bike hire Capbreton","alternateName":"Ted's Bike Capbreton","url":"https:\/\/tedbike-capbreton.com\/","logo":{"@type":"ImageObject","inLanguage":"en-GB","@id":"https:\/\/tedbike-capbreton.com\/#\/schema\/logo\/image\/","url":"https:\/\/tedbike-capbreton.com\/wp-content\/uploads\/2024\/05\/Logos-TEDSurf-2023-12.png","contentUrl":"https:\/\/tedbike-capbreton.com\/wp-content\/uploads\/2024\/05\/Logos-TEDSurf-2023-12.png","width":582,"height":582,"caption":"Ted's Bike - Location de v\u00e9lo Capbreton"},"image":{"@id":"https:\/\/tedbike-capbreton.com\/#\/schema\/logo\/image\/"},"sameAs":["https:\/\/fr-fr.facebook.com\/tedsurfschool","https:\/\/www.instagram.com\/tedsurfschool\/","https:\/\/www.youtube.com\/channel\/UCM76UhidKzWXJw8KRd7Fs7w"]}]}},"_links":{"self":[{"href":"https:\/\/tedbike-capbreton.com\/en\/wp-json\/wp\/v2\/pages\/1319","targetHints":{"allow":["GET"]}}],"collection":[{"href":"https:\/\/tedbike-capbreton.com\/en\/wp-json\/wp\/v2\/pages"}],"about":[{"href":"https:\/\/tedbike-capbreton.com\/en\/wp-json\/wp\/v2\/types\/page"}],"author":[{"embeddable":true,"href":"https:\/\/tedbike-capbreton.com\/en\/wp-json\/wp\/v2\/users\/1"}],"replies":[{"embeddable":true,"href":"https:\/\/tedbike-capbreton.com\/en\/wp-json\/wp\/v2\/comments?post=1319"}],"version-history":[{"count":131,"href":"https:\/\/tedbike-capbreton.com\/en\/wp-json\/wp\/v2\/pages\/1319\/revisions"}],"predecessor-version":[{"id":2027,"href":"https:\/\/tedbike-capbreton.com\/en\/wp-json\/wp\/v2\/pages\/1319\/revisions\/2027"}],"up":[{"embeddable":true,"href":"https:\/\/tedbike-capbreton.com\/en\/wp-json\/wp\/v2\/pages\/99"}],"wp:attachment":[{"href":"https:\/\/tedbike-capbreton.com\/en\/wp-json\/wp\/v2\/media?parent=1319"}],"curies":[{"name":"wp","href":"https:\/\/api.w.org\/{rel}","templated":true}]}}