{"id":95,"date":"2024-05-27T15:57:56","date_gmt":"2024-05-27T13:57:56","guid":{"rendered":"https:\/\/tedbike-capbreton.com\/?page_id=95"},"modified":"2025-06-20T12:14:28","modified_gmt":"2025-06-20T10:14:28","slug":"capbreton-bike-accessories","status":"publish","type":"page","link":"https:\/\/tedbike-capbreton.com\/en\/rental\/capbreton-bike-accessories\/","title":{"rendered":"Accessories"},"content":{"rendered":"<section class=\"section\" id=\"section_1865024015\">\n\t\t<div class=\"section-bg fill\" >\n\t\t\t<img loading=\"lazy\" decoding=\"async\" width=\"1200\" height=\"800\" src=\"https:\/\/tedbike-capbreton.com\/wp-content\/uploads\/2024\/06\/location-remorque-enfant-pour-velo-a-capbreton.jpg\" class=\"bg attachment-original size-original\" alt=\"Child Bike Trailer Rental In Capbreton\" \/>\t\t\t\t\t\t<div class=\"section-bg-overlay absolute fill\"><\/div>\n\t\t\t\n\n\t\t<\/div>\n\n\t\t\n\t<div class=\"ux-shape-divider ux-shape-divider--bottom ux-shape-divider--style-waves-opacity-2\">\n\t\t<svg viewbox=\"0 0 1000 300\" xmlns=\"http:\/\/www.w3.org\/2000\/svg\" preserveaspectratio=\"none\">\n  <path class=\"ux-shape-fill\" opacity=\"0.15\" d=\"M0 299L-2 19.9998C153 -16.0002 308 155 413 184C515.64 212.35 562 152 645 153C725 154 787 206 874 233C939.54 253.34 975 248 1000 244.61V299H0Z\"\/>\n  <path class=\"ux-shape-fill\" opacity=\"0.3\" d=\"M0 300L-2 34C155 -9.00003 300 178 403 212C504.11 245.38 562 165 645 166C725 167 790.09 220.07 874 253C939.21 278.59 978.07 269.72 1000 263.61V300H0Z\"\/>\n  <path class=\"ux-shape-fill\" d=\"M0 300L-1 69.7099C216 56.9999 299.47 198.86 403 226C506 253 577 196 660 197C740 198 790.09 234.07 874 267C935.23 291 982 282.61 1000 277.61V300H0Z\"\/>\n<\/svg>\n\t<\/div>\n\n\t\t<div class=\"section-content relative\">\n\t\t\t\n<div class=\"row row-collapse align-center\"  id=\"row-1002877140\">\n\n\t<div id=\"col-206764476\" class=\"col medium-8 small-12 large-8\"  >\n\t\t\t\t<div class=\"col-inner text-center dark\"  >\n\t\t\t\n\t\t\t\n<h1>Rental of Ted Bike bicycle accessories in Capbreton<\/h1>\n\t\t<\/div>\n\t\t\t\t\n<style>\n#col-206764476 > .col-inner {\n  padding: 50px 20px 30px 20px;\n}\n@media (min-width:550px) {\n  #col-206764476 > .col-inner {\n    padding: 100px 0px 100px 0px;\n  }\n}\n<\/style>\n\t<\/div>\n\n\t\n<\/div>\n\t\t<\/div>\n\n\t\t\n<style>\n#section_1865024015 {\n  padding-top: 30px;\n  padding-bottom: 30px;\n  min-height: 350px;\n}\n#section_1865024015 .section-bg-overlay {\n  background-color: rgba(0, 0, 0, 0.186);\n}\n#section_1865024015 .section-bg img {\n  object-position: 51% 54%;\n}\n#section_1865024015 .ux-shape-divider--bottom svg {\n  height: 90px;\n  --divider-width: 100%;\n}\n@media (min-width:550px) {\n  #section_1865024015 {\n    min-height: 75vh;\n  }\n  #section_1865024015 .ux-shape-divider--bottom svg {\n    height: 150px;\n  }\n}\n<\/style>\n\t<\/section>\n\t\n<div class=\"row align-center\"  id=\"row-1894643208\">\n\n\t<div id=\"col-1586900160\" class=\"col medium-8 small-12 large-8\"  >\n\t\t\t\t<div class=\"col-inner text-center\"  >\n\t\t\t\n\t\t\t\n<p style=\"font-size: 120%;\"><strong>Ted Bike&#039;s expertise and passion at your service: equip yourself well for cycling trips in complete safety and peace of mind!<\/strong><\/p>\n\t\t<\/div>\n\t\t\t\t\n<style>\n#col-1586900160 > .col-inner {\n  padding: 30px 0px 0px 0px;\n}\n@media (min-width:550px) {\n  #col-1586900160 > .col-inner {\n    padding: 0px 0px 0px 0px;\n  }\n}\n<\/style>\n\t<\/div>\n\n\t\n\n\t<div id=\"col-1966332105\" class=\"col medium-10 small-12 large-10\"  >\n\t\t\t\t<div class=\"col-inner text-center\"  >\n\t\t\t\n\t\t\t\n<p>At Ted Bike, we are committed to providing warm, personalized customer service to every visitor to ensure an optimal cycling experience. To fully and safely enjoy your bike rental, our team of enthusiasts suggests that you opt for the rental of some additional accessories according to your profile and your project. Come to the store, we are here to help you choose the best options for you, such as:<\/p>\n\t\t<\/div>\n\t\t\t\t\n<style>\n#col-1966332105 > .col-inner {\n  padding: 30px 0px 0px 0px;\n}\n@media (min-width:550px) {\n  #col-1966332105 > .col-inner {\n    padding: 0px 30px 0px 30px;\n  }\n}\n<\/style>\n\t<\/div>\n\n\t\n\n\t<div id=\"col-857550076\" class=\"col medium-4 small-6 large-4\"  data-animate=\"bounceIn\">\n\t\t\t\t<div class=\"col-inner\"  >\n\t\t\t\n\t\t\t\n\n\t\t<div class=\"icon-box featured-box icon-box-center text-center\"  >\n\t\t\t\t\t<div class=\"icon-box-img\" style=\"width: 60px\">\n\t\t\t\t<div class=\"icon\">\n\t\t\t\t\t<div class=\"icon-inner\" >\n\t\t\t\t\t\t<img loading=\"lazy\" decoding=\"async\" width=\"200\" height=\"200\" src=\"https:\/\/tedbike-capbreton.com\/wp-content\/uploads\/2024\/06\/antivol-velo-icone.png\" class=\"attachment-medium size-medium\" alt=\"Bike Lock Icon\" srcset=\"https:\/\/tedbike-capbreton.com\/wp-content\/uploads\/2024\/06\/antivol-velo-icone.png 200w, https:\/\/tedbike-capbreton.com\/wp-content\/uploads\/2024\/06\/antivol-velo-icone-100x100.png 100w, https:\/\/tedbike-capbreton.com\/wp-content\/uploads\/2024\/06\/antivol-velo-icone-12x12.png 12w\" sizes=\"auto, (max-width: 200px) 100vw, 200px\" \/>\t\t\t\t\t<\/div>\n\t\t\t\t<\/div>\n\t\t\t<\/div>\n\t\t\t\t<div class=\"icon-box-text last-reset\">\n\t\t\t\t\t\t\t\t\t\n<h4 class=\"bleu\">Anti-theft<\/h4>\n<p><span class=\"orange\">FREE<\/span><br \/>to avoid unpleasant surprises<\/p>\n\t\t<\/div>\n\t<\/div>\n\t\n\t\n\t\t<\/div>\n\t\t\t\t\t<\/div>\n\n\t\n\n\t<div id=\"col-1111790291\" class=\"col medium-4 small-6 large-4\"  data-animate=\"bounceIn\">\n\t\t\t\t<div class=\"col-inner\"  >\n\t\t\t\n\t\t\t\n\n\t\t<div class=\"icon-box featured-box icon-box-center text-center\"  >\n\t\t\t\t\t<div class=\"icon-box-img\" style=\"width: 60px\">\n\t\t\t\t<div class=\"icon\">\n\t\t\t\t\t<div class=\"icon-inner\" >\n\t\t\t\t\t\t<img loading=\"lazy\" decoding=\"async\" width=\"400\" height=\"400\" src=\"https:\/\/tedbike-capbreton.com\/wp-content\/uploads\/2024\/06\/casque-icone-400x400.png\" class=\"attachment-medium size-medium\" alt=\"Helmet Icon\" srcset=\"https:\/\/tedbike-capbreton.com\/wp-content\/uploads\/2024\/06\/casque-icone-400x400.png 400w, https:\/\/tedbike-capbreton.com\/wp-content\/uploads\/2024\/06\/casque-icone-100x100.png 100w, https:\/\/tedbike-capbreton.com\/wp-content\/uploads\/2024\/06\/casque-icone-12x12.png 12w, https:\/\/tedbike-capbreton.com\/wp-content\/uploads\/2024\/06\/casque-icone-20x20.png 20w, https:\/\/tedbike-capbreton.com\/wp-content\/uploads\/2024\/06\/casque-icone.png 512w\" sizes=\"auto, (max-width: 400px) 100vw, 400px\" \/>\t\t\t\t\t<\/div>\n\t\t\t\t<\/div>\n\t\t\t<\/div>\n\t\t\t\t<div class=\"icon-box-text last-reset\">\n\t\t\t\t\t\t\t\t\t\n<h4 class=\"bleu\">Helmet<\/h4>\n<p><span class=\"orange\">from 1\u20ac \/ day<\/span><br \/>because it&#039;s not just the sun that beats on your head<\/p>\n\t\t<\/div>\n\t<\/div>\n\t\n\t\n\t\t<\/div>\n\t\t\t\t\t<\/div>\n\n\t\n\n\t<div id=\"col-1477776066\" class=\"col medium-6 small-12 large-6\"  data-animate=\"bounceIn\">\n\t\t\t\t<div class=\"col-inner\"  >\n\t\t\t\n\t\t\t\n\n\t\t<div class=\"icon-box featured-box icon-box-center text-center\"  >\n\t\t\t\t\t<div class=\"icon-box-img\" style=\"width: 60px\">\n\t\t\t\t<div class=\"icon\">\n\t\t\t\t\t<div class=\"icon-inner\" >\n\t\t\t\t\t\t<img loading=\"lazy\" decoding=\"async\" width=\"400\" height=\"400\" src=\"https:\/\/tedbike-capbreton.com\/wp-content\/uploads\/2024\/06\/siege-enfant-velo-icone-400x400.png\" class=\"attachment-medium size-medium\" alt=\"Icone Child Bike Seat\" srcset=\"https:\/\/tedbike-capbreton.com\/wp-content\/uploads\/2024\/06\/siege-enfant-velo-icone-400x400.png 400w, https:\/\/tedbike-capbreton.com\/wp-content\/uploads\/2024\/06\/siege-enfant-velo-icone-100x100.png 100w, https:\/\/tedbike-capbreton.com\/wp-content\/uploads\/2024\/06\/siege-enfant-velo-icone-12x12.png 12w, https:\/\/tedbike-capbreton.com\/wp-content\/uploads\/2024\/06\/siege-enfant-velo-icone.png 700w\" sizes=\"auto, (max-width: 400px) 100vw, 400px\" \/>\t\t\t\t\t<\/div>\n\t\t\t\t<\/div>\n\t\t\t<\/div>\n\t\t\t\t<div class=\"icon-box-text last-reset\">\n\t\t\t\t\t\t\t\t\t\n<h4 class=\"bleu\">Child seat<\/h4>\n<p><span class=\"orange\">from 1\u20ac \/ 4h<\/span><br \/>to share the joys of cycling in the Landes with the little ones<br \/><strong>minimum 9 kg and 12 months and maximum 20 kg and 5 years<\/strong><\/p>\n\t\t<\/div>\n\t<\/div>\n\t\n\t\n\t\t<\/div>\n\t\t\t\t\t<\/div>\n\n\t\n\n\t<div id=\"col-1995335897\" class=\"col medium-6 small-12 large-6\"  data-animate=\"bounceIn\">\n\t\t\t\t<div class=\"col-inner\"  >\n\t\t\t\n\t\t\t\n\n\t\t<div class=\"icon-box featured-box icon-box-center text-center\"  >\n\t\t\t\t\t<div class=\"icon-box-img\" style=\"width: 60px\">\n\t\t\t\t<div class=\"icon\">\n\t\t\t\t\t<div class=\"icon-inner\" >\n\t\t\t\t\t\t<img loading=\"lazy\" decoding=\"async\" width=\"400\" height=\"400\" src=\"https:\/\/tedbike-capbreton.com\/wp-content\/uploads\/2024\/06\/remorque-enfant-capbreton-icone-400x400.png\" class=\"attachment-medium size-medium\" alt=\"Capbreton Icone Child Trailer\" srcset=\"https:\/\/tedbike-capbreton.com\/wp-content\/uploads\/2024\/06\/remorque-enfant-capbreton-icone-400x400.png 400w, https:\/\/tedbike-capbreton.com\/wp-content\/uploads\/2024\/06\/remorque-enfant-capbreton-icone-100x100.png 100w, https:\/\/tedbike-capbreton.com\/wp-content\/uploads\/2024\/06\/remorque-enfant-capbreton-icone-12x12.png 12w, https:\/\/tedbike-capbreton.com\/wp-content\/uploads\/2024\/06\/remorque-enfant-capbreton-icone.png 600w\" sizes=\"auto, (max-width: 400px) 100vw, 400px\" \/>\t\t\t\t\t<\/div>\n\t\t\t\t<\/div>\n\t\t\t<\/div>\n\t\t\t\t<div class=\"icon-box-text last-reset\">\n\t\t\t\t\t\t\t\t\t\n<h4 class=\"bleu\">Child trailer<\/h4>\n<p><span class=\"orange\">from 9\u20ac \/ 4h<\/span><br \/>to combine comfort and safety from an early age<br \/><strong>from 18 months and 1m05 and 40kg max<\/strong><\/p>\n\t\t<\/div>\n\t<\/div>\n\t\n\t\n\t\t<\/div>\n\t\t\t\t\t<\/div>\n\n\t\n\n\t<div id=\"col-1335193066\" class=\"col medium-7 small-12 large-7\"  data-animate=\"bounceIn\">\n\t\t\t\t<div class=\"col-inner\"  >\n\t\t\t\n\t\t\t\n\n\t\t<div class=\"icon-box featured-box icon-box-center text-center\"  >\n\t\t\t\t\t<div class=\"icon-box-img\" style=\"width: 60px\">\n\t\t\t\t<div class=\"icon\">\n\t\t\t\t\t<div class=\"icon-inner\" >\n\t\t\t\t\t\t<img loading=\"lazy\" decoding=\"async\" width=\"400\" height=\"400\" src=\"https:\/\/tedbike-capbreton.com\/wp-content\/uploads\/2024\/06\/PORTE-SURF-icone.jpg\" class=\"attachment-medium size-medium\" alt=\"Surf Door Icon\" srcset=\"https:\/\/tedbike-capbreton.com\/wp-content\/uploads\/2024\/06\/PORTE-SURF-icone.jpg 400w, https:\/\/tedbike-capbreton.com\/wp-content\/uploads\/2024\/06\/PORTE-SURF-icone-100x100.jpg 100w, https:\/\/tedbike-capbreton.com\/wp-content\/uploads\/2024\/06\/PORTE-SURF-icone-12x12.jpg 12w\" sizes=\"auto, (max-width: 400px) 100vw, 400px\" \/>\t\t\t\t\t<\/div>\n\t\t\t\t<\/div>\n\t\t\t<\/div>\n\t\t\t\t<div class=\"icon-box-text last-reset\">\n\t\t\t\t\t\t\t\t\t\n<h4 class=\"bleu\">Surf rack<\/h4>\n<p><span class=\"orange\">from 8\u20ac \/ 4h<\/span><br \/>we guide you to find the perfect rack and board \u2013 so even your tightest turns don&#039;t leave you riding the wave of embarrassment!<\/p>\n\t\t<\/div>\n\t<\/div>\n\t\n\t\n\t\t<\/div>\n\t\t\t\t\n<style>\n#col-1335193066 > .col-inner {\n  margin: 0px 0px 50px 0px;\n}\n<\/style>\n\t<\/div>\n\n\t\n<\/div>\n\n\t<section class=\"section animate-skills-bar\" id=\"section_955800045\">\n\t\t<div class=\"section-bg fill\" >\n\t\t\t\t\t\t\t\t\t\n\t\t\t\n\n\t\t<\/div>\n\n\t\t\t<div class=\"ux-shape-divider ux-shape-divider--top ux-shape-divider--style-waves-opacity\">\n\t\t<svg viewbox=\"0 0 1000 300\" xmlns=\"http:\/\/www.w3.org\/2000\/svg\" preserveaspectratio=\"none\">\n    <path class=\"ux-shape-fill\" d=\"M0 300L-1 69.71C216 57 299.47 198.86 403 226C506 253 577 196 660 197C740 198 790.09 234.07 874 267C935.23 291 982 282.61 1000 277.61V300H0Z\"\/>\n    <path class=\"ux-shape-fill\" opacity=\"0.5\" d=\"M1 265.094L0 50.5C217 37.79 300.47 186.36 404 213.5C507 240.5 578 196.5 661 197.5C741 198.5 787.59 239.57 871.5 272.5C932.73 296.5 980.5 284.5 998.5 279.5V298.5L1 265.094Z\"\/>\n    <path class=\"ux-shape-fill\" opacity=\"0.15\" d=\"M0.999878 244.094L-0.00012207 27C217 14.29 300.47 173.86 404 201C507 228 578 196 661 197C741 198 787.59 243.07 871.5 276C932.73 300 980.5 284.5 998.5 279.5V299L0.999878 244.094Z\"\/>\n<\/svg>\n\n\t<\/div>\n\n\t<div class=\"ux-shape-divider ux-shape-divider--bottom ux-shape-divider--style-waves-opacity-3\">\n\t\t<svg viewbox=\"0 0 1000 300\" xmlns=\"http:\/\/www.w3.org\/2000\/svg\" preserveaspectratio=\"none\">\n\t<path class=\"ux-shape-fill\" opacity=\"0.05\" d=\"M1014 264V386H206L34 300C34 300 344.42 277.16 436 221C542 156 590 160 704 209C811 255 899.11 214.94 979 346L1014 264Z\"\/>\n\t<path class=\"ux-shape-fill\" opacity=\"0.1\" d=\"M-302 55C-302 55 -66.73 263.25 50 214C178 160 283 116 353 141C445.68 174.1 534.28 256.19 588 249C692.9 235 764.52 75.94 855 131C940.61 183.09 1000 254 1000 254V328L-306 338L-302 55Z\"\/>\n\t<path class=\"ux-shape-fill\" opacity=\"0.15\" d=\"M-286 255C-286 255 -72 152 52 126C176 100 255 155 436 227C581.57 284.91 614.7 277.79 708 227C787 184 1009 3.0001 1093 164C1146 265.63 1031 293 1031 293L924 377L-288 389L-286 255Z\"\/>\n\t<path class=\"ux-shape-fill\" opacity=\"0.3\" d=\"M-24 69C-24 69 275.68 370.66 389 314C397 310 622 316 673 356C690.47 369.7 845 224 890 182C944.8 130.85 1018 92 1078 143C1154.12 207.7 1196 242 1196 242L1184 374L-28 386L-24 69Z\"\/>\n\t<path class=\"ux-shape-fill\" d=\"M-12 201C-12 201 58 284 182 258C306 232 342.29 221.23 456 264C565 305 640.82 288.36 721 249C776 222 837.5 191.31 935 253C984 284 1030 279 1030 279L1024 430L-12 440V201Z\"\/>\n<\/svg>\n\t<\/div>\n\n\t\t<div class=\"section-content relative\">\n\t\t\t\n<div class=\"row align-center\"  id=\"row-1499386505\">\n\n\t<div id=\"col-454347981\" class=\"col medium-10 small-12 large-10\"  >\n\t\t\t\t<div class=\"col-inner text-center\"  >\n\t\t\t\n\t\t\t\n<p>In addition, our commitment to cycling for all translates into adapted advice and specific equipment for cyclists with disabilities, so that everyone can fully enjoy their cycling experience in the Landes. Come to the store to meet us and find out more about our free handi-bike rental.<\/p>\n<a data-animate=\"fadeInUp\" href=\"https:\/\/tedbike-capbreton.com\/en\/rental\/mechanical-bikes\/handi-bike\/\" target=\"_blank\" class=\"button primary is-large\" rel=\"noopener\" style=\"border-radius:99px;\">\n\t\t<span>The handi bike<\/span>\n\t<\/a>\n\n\t\t<\/div>\n\t\t\t\t\n<style>\n#col-454347981 > .col-inner {\n  padding: 60px 0px 0px 0px;\n}\n@media (min-width:550px) {\n  #col-454347981 > .col-inner {\n    padding: 100px 0px 30px 0px;\n  }\n}\n<\/style>\n\t<\/div>\n\n\t\n<\/div>\n\t\t<\/div>\n\n\t\t\n<style>\n#section_955800045 {\n  padding-top: 30px;\n  padding-bottom: 30px;\n  background-color: #f6e3d7;\n}\n#section_955800045 .ux-shape-divider--top svg {\n  height: 90px;\n  --divider-top-width: 100%;\n}\n#section_955800045 .ux-shape-divider--bottom svg {\n  height: 90px;\n  --divider-width: 100%;\n}\n@media (min-width:550px) {\n  #section_955800045 .ux-shape-divider--top svg {\n    height: 150px;\n  }\n  #section_955800045 .ux-shape-divider--bottom svg {\n    height: 150px;\n  }\n}\n<\/style>\n\t<\/section>\n\t\n<div class=\"row align-center\"  id=\"row-901800691\">\n\n\t<div id=\"col-1129836141\" class=\"col medium-10 small-12 large-10\"  >\n\t\t\t\t<div class=\"col-inner text-center\"  >\n\t\t\t\n\t\t\t\n<h3>Want to escape ? Discover all our bikes for rental<\/h3>\n<p>At Ted Bike, we offer a range of quality electric and mechanical bikes for everyone: Fat bike, mountain bike, VTC, handi-bike, beach bike, adult and children&#039;s models. Reserve your bike now for a day or more, and enjoy a bike rental experience at suitable rates with complete peace of mind.<\/p>\n<h4 style=\"margin:30px 0 50px\">Want to reserve your bike?<\/h4>\n<a data-animate=\"fadeInUp\" href=\"https:\/\/location-velo.skilouresa.com\/ted-bike\/\" target=\"_blank\" class=\"button primary is-large\" rel=\"noopener\" style=\"border-radius:99px;\">\n\t\t<span>I reserve a bike<\/span>\n\t<\/a>\n\n\t\t<\/div>\n\t\t\t\t\n<style>\n#col-1129836141 > .col-inner {\n  padding: 60px 0px 0px 0px;\n}\n@media (min-width:550px) {\n  #col-1129836141 > .col-inner {\n    padding: 50px 0px 50px 0px;\n  }\n}\n<\/style>\n\t<\/div>\n\n\t\n<\/div>","protected":false},"excerpt":{"rendered":"","protected":false},"author":1,"featured_media":0,"parent":79,"menu_order":0,"comment_status":"closed","ping_status":"closed","template":"page-transparent-header-light.php","meta":{"footnotes":""},"class_list":["post-95","page","type-page","status-publish","hentry"],"yoast_head":"<!-- This site is optimized with the Yoast SEO plugin v27.4 - https:\/\/yoast.com\/product\/yoast-seo-wordpress\/ -->\n<title>Location accessoires v\u00e9lo \u00e0 Capbreton - Remorque, si\u00e8ge b\u00e9b\u00e9\u2026<\/title>\n<meta name=\"description\" content=\"Pour vos d\u00e9placements en v\u00e9lo en famille ou pour aller surfer, d\u00e9couvrez notre gamme d&#039;accessoires v\u00e9lo en location : remorque, si\u00e8ge b\u00e9b\u00e9, surf rack\u2026\" \/>\n<meta name=\"robots\" content=\"index, follow, max-snippet:-1, max-image-preview:large, max-video-preview:-1\" \/>\n<link rel=\"canonical\" href=\"https:\/\/tedbike-capbreton.com\/en\/rental\/capbreton-bike-accessories\/\" \/>\n<meta property=\"og:locale\" content=\"en_GB\" \/>\n<meta property=\"og:type\" content=\"article\" \/>\n<meta property=\"og:title\" content=\"Location accessoires v\u00e9lo \u00e0 Capbreton - Remorque, si\u00e8ge b\u00e9b\u00e9\u2026\" \/>\n<meta property=\"og:description\" content=\"Pour vos d\u00e9placements en v\u00e9lo en famille ou pour aller surfer, d\u00e9couvrez notre gamme d&#039;accessoires v\u00e9lo en location : remorque, si\u00e8ge b\u00e9b\u00e9, surf rack\u2026\" \/>\n<meta property=\"og:url\" content=\"https:\/\/tedbike-capbreton.com\/en\/rental\/capbreton-bike-accessories\/\" \/>\n<meta property=\"og:site_name\" content=\"Ted Bike\" \/>\n<meta property=\"article:publisher\" content=\"https:\/\/fr-fr.facebook.com\/tedsurfschool\" \/>\n<meta property=\"article:modified_time\" content=\"2025-06-20T10:14:28+00:00\" \/>\n<meta property=\"og:image\" content=\"https:\/\/tedbike-capbreton.com\/wp-content\/uploads\/2024\/05\/Logos-TEDSurf-2023-12.png\" \/>\n\t<meta property=\"og:image:width\" content=\"582\" \/>\n\t<meta property=\"og:image:height\" content=\"582\" \/>\n\t<meta property=\"og:image:type\" content=\"image\/png\" \/>\n<meta name=\"twitter:card\" content=\"summary_large_image\" \/>\n<meta name=\"twitter:label1\" content=\"Estimated reading time\" \/>\n\t<meta name=\"twitter:data1\" content=\"3 minutes\" \/>\n<!-- \/ Yoast SEO plugin. -->","yoast_head_json":{"title":"Bike accessories rental in Capbreton - Trailer, baby seat\u2026","description":"For your family bike trips or to go surfing, discover our range of rental bike accessories: trailer, baby seat, surf rack, etc.","robots":{"index":"index","follow":"follow","max-snippet":"max-snippet:-1","max-image-preview":"max-image-preview:large","max-video-preview":"max-video-preview:-1"},"canonical":"https:\/\/tedbike-capbreton.com\/en\/rental\/capbreton-bike-accessories\/","og_locale":"en_GB","og_type":"article","og_title":"Location accessoires v\u00e9lo \u00e0 Capbreton - Remorque, si\u00e8ge b\u00e9b\u00e9\u2026","og_description":"Pour vos d\u00e9placements en v\u00e9lo en famille ou pour aller surfer, d\u00e9couvrez notre gamme d'accessoires v\u00e9lo en location : remorque, si\u00e8ge b\u00e9b\u00e9, surf rack\u2026","og_url":"https:\/\/tedbike-capbreton.com\/en\/rental\/capbreton-bike-accessories\/","og_site_name":"Ted Bike","article_publisher":"https:\/\/fr-fr.facebook.com\/tedsurfschool","article_modified_time":"2025-06-20T10:14:28+00:00","og_image":[{"width":582,"height":582,"url":"https:\/\/tedbike-capbreton.com\/wp-content\/uploads\/2024\/05\/Logos-TEDSurf-2023-12.png","type":"image\/png"}],"twitter_card":"summary_large_image","twitter_misc":{"Estimated reading time":"3 minutes"},"schema":{"@context":"https:\/\/schema.org","@graph":[{"@type":"WebPage","@id":"https:\/\/tedbike-capbreton.com\/location\/accessoires-velos-capbreton\/","url":"https:\/\/tedbike-capbreton.com\/location\/accessoires-velos-capbreton\/","name":"Bike accessories rental in Capbreton - Trailer, baby seat\u2026","isPartOf":{"@id":"https:\/\/tedbike-capbreton.com\/#website"},"datePublished":"2024-05-27T13:57:56+00:00","dateModified":"2025-06-20T10:14:28+00:00","description":"For your family bike trips or to go surfing, discover our range of rental bike accessories: trailer, baby seat, surf rack, etc.","breadcrumb":{"@id":"https:\/\/tedbike-capbreton.com\/location\/accessoires-velos-capbreton\/#breadcrumb"},"inLanguage":"en-GB","potentialAction":[{"@type":"ReadAction","target":["https:\/\/tedbike-capbreton.com\/location\/accessoires-velos-capbreton\/"]}]},{"@type":"BreadcrumbList","@id":"https:\/\/tedbike-capbreton.com\/location\/accessoires-velos-capbreton\/#breadcrumb","itemListElement":[{"@type":"ListItem","position":1,"name":"Accueil","item":"https:\/\/tedbike-capbreton.com\/"},{"@type":"ListItem","position":2,"name":"Location","item":"https:\/\/tedbikecreation.2gci.fr\/location\/"},{"@type":"ListItem","position":3,"name":"Accessoires"}]},{"@type":"WebSite","@id":"https:\/\/tedbike-capbreton.com\/#website","url":"https:\/\/tedbike-capbreton.com\/","name":"Ted's Bike - Bike hire in Capbreton","description":"Bike rental in Capbreton","publisher":{"@id":"https:\/\/tedbike-capbreton.com\/#organization"},"alternateName":"Ted's Bike Capbreton","potentialAction":[{"@type":"SearchAction","target":{"@type":"EntryPoint","urlTemplate":"https:\/\/tedbike-capbreton.com\/?s={search_term_string}"},"query-input":{"@type":"PropertyValueSpecification","valueRequired":true,"valueName":"search_term_string"}}],"inLanguage":"en-GB"},{"@type":"Organization","@id":"https:\/\/tedbike-capbreton.com\/#organization","name":"Ted's Bike - Bike hire Capbreton","alternateName":"Ted's Bike Capbreton","url":"https:\/\/tedbike-capbreton.com\/","logo":{"@type":"ImageObject","inLanguage":"en-GB","@id":"https:\/\/tedbike-capbreton.com\/#\/schema\/logo\/image\/","url":"https:\/\/tedbike-capbreton.com\/wp-content\/uploads\/2024\/05\/Logos-TEDSurf-2023-12.png","contentUrl":"https:\/\/tedbike-capbreton.com\/wp-content\/uploads\/2024\/05\/Logos-TEDSurf-2023-12.png","width":582,"height":582,"caption":"Ted's Bike - Location de v\u00e9lo Capbreton"},"image":{"@id":"https:\/\/tedbike-capbreton.com\/#\/schema\/logo\/image\/"},"sameAs":["https:\/\/fr-fr.facebook.com\/tedsurfschool","https:\/\/www.instagram.com\/tedsurfschool\/","https:\/\/www.youtube.com\/channel\/UCM76UhidKzWXJw8KRd7Fs7w"]}]}},"_links":{"self":[{"href":"https:\/\/tedbike-capbreton.com\/en\/wp-json\/wp\/v2\/pages\/95","targetHints":{"allow":["GET"]}}],"collection":[{"href":"https:\/\/tedbike-capbreton.com\/en\/wp-json\/wp\/v2\/pages"}],"about":[{"href":"https:\/\/tedbike-capbreton.com\/en\/wp-json\/wp\/v2\/types\/page"}],"author":[{"embeddable":true,"href":"https:\/\/tedbike-capbreton.com\/en\/wp-json\/wp\/v2\/users\/1"}],"replies":[{"embeddable":true,"href":"https:\/\/tedbike-capbreton.com\/en\/wp-json\/wp\/v2\/comments?post=95"}],"version-history":[{"count":1,"href":"https:\/\/tedbike-capbreton.com\/en\/wp-json\/wp\/v2\/pages\/95\/revisions"}],"predecessor-version":[{"id":1682,"href":"https:\/\/tedbike-capbreton.com\/en\/wp-json\/wp\/v2\/pages\/95\/revisions\/1682"}],"up":[{"embeddable":true,"href":"https:\/\/tedbike-capbreton.com\/en\/wp-json\/wp\/v2\/pages\/79"}],"wp:attachment":[{"href":"https:\/\/tedbike-capbreton.com\/en\/wp-json\/wp\/v2\/media?parent=95"}],"curies":[{"name":"wp","href":"https:\/\/api.w.org\/{rel}","templated":true}]}}